{"id":2202,"date":"2022-11-11T09:06:37","date_gmt":"2022-11-11T09:06:37","guid":{"rendered":"https:\/\/anp.gw\/?page_id=2202"},"modified":"2022-11-11T09:15:12","modified_gmt":"2022-11-11T09:15:12","slug":"lei-da-cidadania","status":"publish","type":"page","link":"https:\/\/anp.gw\/index.php\/lei-da-cidadania\/","title":{"rendered":"Lei da Cidadania"},"content":{"rendered":"\t\t<div data-elementor-type=\"wp-page\" data-elementor-id=\"2202\" class=\"elementor elementor-2202\">\n\t\t\t\t\t\t\t\t\t<section class=\"has_ma_el_bg_slider elementor-section elementor-top-section elementor-element elementor-element-2d6f7cd6 elementor-section-height-min-height elementor-section-items-bottom elementor-section-boxed elementor-section-height-default jltma-glass-effect-no\" data-id=\"2d6f7cd6\" data-element_type=\"section\" data-settings=\"{&quot;background_background&quot;:&quot;classic&quot;}\">\n\t\t\t\t\t\t<div class=\"elementor-container elementor-column-gap-default\">\n\t\t\t\t\t<div class=\"has_ma_el_bg_slider elementor-column elementor-col-66 elementor-top-column elementor-element elementor-element-719b1bbd jltma-glass-effect-no\" data-id=\"719b1bbd\" data-element_type=\"column\">\n\t\t\t<div class=\"elementor-widget-wrap elementor-element-populated\">\n\t\t\t\t\t\t\t\t<div class=\"elementor-element elementor-element-45beadac jltma-glass-effect-no elementor-widget elementor-widget-heading\" data-id=\"45beadac\" data-element_type=\"widget\" data-widget_type=\"heading.default\">\n\t\t\t\t<div class=\"elementor-widget-container\">\n\t\t\t<style>\/*! elementor - v3.10.0 - 09-01-2023 *\/\n.elementor-heading-title{padding:0;margin:0;line-height:1}.elementor-widget-heading .elementor-heading-title[class*=elementor-size-]>a{color:inherit;font-size:inherit;line-height:inherit}.elementor-widget-heading .elementor-heading-title.elementor-size-small{font-size:15px}.elementor-widget-heading .elementor-heading-title.elementor-size-medium{font-size:19px}.elementor-widget-heading .elementor-heading-title.elementor-size-large{font-size:29px}.elementor-widget-heading .elementor-heading-title.elementor-size-xl{font-size:39px}.elementor-widget-heading .elementor-heading-title.elementor-size-xxl{font-size:59px}<\/style><h1 class=\"elementor-heading-title elementor-size-default\">Lei da Cidadania<\/h1>\t\t<\/div>\n\t\t\t\t<\/div>\n\t\t\t\t\t<\/div>\n\t\t<\/div>\n\t\t\t\t<div class=\"has_ma_el_bg_slider elementor-column elementor-col-33 elementor-top-column elementor-element elementor-element-555d8818 jltma-glass-effect-no\" data-id=\"555d8818\" data-element_type=\"column\">\n\t\t\t<div class=\"elementor-widget-wrap\">\n\t\t\t\t\t\t\t\t\t<\/div>\n\t\t<\/div>\n\t\t\t\t\t\t\t<\/div>\n\t\t<\/section>\n\t\t\t\t<section class=\"has_ma_el_bg_slider elementor-section elementor-top-section elementor-element elementor-element-539df6fd elementor-section-full_width elementor-section-height-default elementor-section-height-default jltma-glass-effect-no\" data-id=\"539df6fd\" data-element_type=\"section\" data-settings=\"{&quot;background_background&quot;:&quot;classic&quot;}\">\n\t\t\t\t\t\t\t<div class=\"elementor-background-overlay\"><\/div>\n\t\t\t\t\t\t\t<div class=\"elementor-container elementor-column-gap-no\">\n\t\t\t\t\t<div class=\"has_ma_el_bg_slider elementor-column elementor-col-100 elementor-top-column elementor-element elementor-element-2df53b12 jltma-glass-effect-no\" data-id=\"2df53b12\" data-element_type=\"column\">\n\t\t\t<div class=\"elementor-widget-wrap elementor-element-populated\">\n\t\t\t\t\t\t\t\t<section class=\"has_ma_el_bg_slider elementor-section elementor-inner-section elementor-element elementor-element-53d5b401 elementor-section-boxed elementor-section-height-default elementor-section-height-default jltma-glass-effect-no\" data-id=\"53d5b401\" data-element_type=\"section\">\n\t\t\t\t\t\t\t<div class=\"elementor-background-overlay\"><\/div>\n\t\t\t\t\t\t\t<div class=\"elementor-container elementor-column-gap-default\">\n\t\t\t\t\t<div class=\"has_ma_el_bg_slider elementor-column elementor-col-100 elementor-inner-column elementor-element elementor-element-3e01ec7f jltma-glass-effect-no\" data-id=\"3e01ec7f\" data-element_type=\"column\">\n\t\t\t<div class=\"elementor-widget-wrap elementor-element-populated\">\n\t\t\t\t\t\t\t\t<div class=\"elementor-element elementor-element-4c006b17 jltma-glass-effect-no elementor-widget elementor-widget-heading\" data-id=\"4c006b17\" data-element_type=\"widget\" data-widget_type=\"heading.default\">\n\t\t\t\t<div class=\"elementor-widget-container\">\n\t\t\t<h3 class=\"elementor-heading-title elementor-size-default\">Regulamento da Nacionalidade Guineense<\/h3>\t\t<\/div>\n\t\t\t\t<\/div>\n\t\t\t\t\t<\/div>\n\t\t<\/div>\n\t\t\t\t\t\t\t<\/div>\n\t\t<\/section>\n\t\t\t\t\t<\/div>\n\t\t<\/div>\n\t\t\t\t\t\t\t<\/div>\n\t\t<\/section>\n\t\t\t\t<section class=\"has_ma_el_bg_slider elementor-section elementor-top-section elementor-element elementor-element-5830a901 elementor-section-boxed elementor-section-height-default elementor-section-height-default jltma-glass-effect-no\" data-id=\"5830a901\" data-element_type=\"section\">\n\t\t\t\t\t\t<div class=\"elementor-container elementor-column-gap-default\">\n\t\t\t\t\t<div class=\"has_ma_el_bg_slider elementor-column elementor-col-100 elementor-top-column elementor-element elementor-element-6404a0f3 jltma-glass-effect-no\" data-id=\"6404a0f3\" data-element_type=\"column\">\n\t\t\t<div class=\"elementor-widget-wrap elementor-element-populated\">\n\t\t\t\t\t\t\t\t<div class=\"elementor-element elementor-element-5facabf8 jltma-glass-effect-no elementor-widget elementor-widget-text-editor\" data-id=\"5facabf8\" data-element_type=\"widget\" data-widget_type=\"text-editor.default\">\n\t\t\t\t<div class=\"elementor-widget-container\">\n\t\t\t<style>\/*! elementor - v3.10.0 - 09-01-2023 *\/\n.elementor-widget-text-editor.elementor-drop-cap-view-stacked .elementor-drop-cap{background-color:#818a91;color:#fff}.elementor-widget-text-editor.elementor-drop-cap-view-framed .elementor-drop-cap{color:#818a91;border:3px solid;background-color:transparent}.elementor-widget-text-editor:not(.elementor-drop-cap-view-default) .elementor-drop-cap{margin-top:8px}.elementor-widget-text-editor:not(.elementor-drop-cap-view-default) .elementor-drop-cap-letter{width:1em;height:1em}.elementor-widget-text-editor .elementor-drop-cap{float:left;text-align:center;line-height:1;font-size:50px}.elementor-widget-text-editor .elementor-drop-cap-letter{display:inline-block}<\/style>\t\t\t\t<p align=\"center\"><b>Lei n.\u00ba 2\/92<\/b><\/p><p align=\"center\"><b>De 6 de Abril (*)<\/b><\/p><p align=\"center\"><b>\u00a0<\/b><\/p><p align=\"center\"><b>CAP\u00cdTULO I<\/b><\/p><p align=\"center\"><b>DISPOSI\u00c7\u00d5ES GERAIS<\/b><\/p><p align=\"center\"><b>ARTIGO 1\u00ba &#8211; Objecto<\/b><\/p><p>A presente lei estabelece as condi\u00e7\u00f5es de atribui\u00e7\u00e3o, aquisi\u00e7\u00e3o, perda e requisi\u00e7\u00e3o da nacionalidade guineense.<\/p><p align=\"center\"><b>ARTIGO 2\u00ba &#8211; Modalidade<\/b><\/p><p>A nacionalidade guineense pode ser nos termos da presente lei:<\/p><p class=\"PargrafodaListaCxSpFirst\">a)\u00a0\u00a0\u00a0\u00a0 De ordem;<\/p><p class=\"PargrafodaListaCxSpLast\">b)\u00a0\u00a0\u00a0\u00a0 Adquirida.<\/p><p align=\"center\"><b>ARTIGO 3\u00ba &#8211; Aplica\u00e7\u00e3o da lei no tempo<\/b><\/p><p>As condi\u00e7\u00f5es de atribui\u00e7\u00e3o, aquisi\u00e7\u00e3o, perda e reaquisi\u00e7\u00e3o da nacionalidade guineense s\u00e3o regidas pela lei em vigor no momento que se verificam os actos e factos que lhes d\u00e3o origem.<\/p><p align=\"center\"><b>ARTIGO 4\u00ba &#8211; Efeitos da atribui\u00e7\u00e3o da nacionalidade<\/b><\/p><p class=\"PargrafodaListaCxSpFirst\">1.\u00a0\u00a0\u00a0\u00a0\u00a0 A nacionalidade origin\u00e1ria produz efeitos desde o nascimento do cidad\u00e3o.<\/p><p class=\"PargrafodaListaCxSpLast\">2.\u00a0\u00a0\u00a0\u00a0\u00a0 A nacionalidade adquirida n\u00e3o prejudica a validade das rela\u00e7\u00f5es jur\u00eddicas anteriormente estabelecidas com fundamentos em nacionalidades diversas.<\/p><p align=\"center\"><b>ARTIGO II<\/b><\/p><p align=\"center\"><b>DA NACIONALIDADE DE ORIGEM<\/b><\/p><p align=\"center\"><b>ARTIGO 5\u00ba &#8211; Nacionalidade de pleno direito<\/b><\/p><p class=\"PargrafodaListaCxSpFirst\">1.\u00a0\u00a0\u00a0\u00a0\u00a0 \u00c9 cidad\u00e3o guineense de origem:<\/p><p class=\"PargrafodaListaCxSpMiddle\">a)\u00a0\u00a0\u00a0\u00a0 O filho de pai ou m\u00e3e de nacionalidade guineense nascido na Guin\u00e9-Bissau ou no estrangeiro se o progenitor guineense a\u00ed se encontrar ao servi\u00e7o do Estado guineense;<\/p><p class=\"PargrafodaListaCxSpMiddle\">b)\u00a0\u00a0\u00a0\u00a0 O filho de pai ou de m\u00e3e guineense nascido no estrangeiro, se declarar que quer ser guineense, ou se inscrever o nascimento no Registo Civil Guineense.<\/p><p class=\"PargrafodaListaCxSpLast\">2.\u00a0\u00a0\u00a0\u00a0\u00a0 Presume-se cidad\u00e3o guineense de origem, salvo prova em contr\u00e1rio, o rec\u00e9m-nascido exposto no territ\u00f3rio da Guin\u00e9-Bissau. \u00a0\u00a0<\/p><p align=\"center\"><b>CAP\u00cdTULO III<\/b><\/p><p align=\"center\"><b>DA NACIONALIDADE ADQUIRIDA<\/b><\/p><p align=\"center\"><b>ARTIGO 6\u00ba &#8211; Aquisi\u00e7\u00e3o por motivo de filia\u00e7\u00e3o<\/b><\/p><p>A nacionalidade guineense pode ser concedida aos filhos menores ou incapazes, de pai ou m\u00e3e que adquiriram a nacionalidade guineense, e que tal solicitem, podendo aqueles optar por outra nacionalidade quando atingirem a maioridade.<\/p><p align=\"center\"><b>ARTIGO 7\u00ba &#8211; Aquisi\u00e7\u00e3o por adop\u00e7\u00e3o<\/b><\/p><p>O adoptado plenamente por nacional guineense adquire a nacionalidade guineense.<\/p><p align=\"center\"><b>ARTIGO 8\u00ba &#8211; Aquisi\u00e7\u00e3o por casamento<\/b><\/p><p class=\"PargrafodaListaCxSpFirst\">1.\u00a0\u00a0\u00a0\u00a0\u00a0 O c\u00f4njuge estrangeiro pode adquirir a nacionalidade guineense, se\u00a0 manifestar expressamente essa vontade ap\u00f3s tr\u00eas anos de const\u00e2ncia do matrim\u00f3nio e um ano de resid\u00eancia em territ\u00f3rio nacional, desde que renuncie \u00e0 nacionalidade anterior.<\/p><p class=\"PargrafodaListaCxSpLast\">2.\u00a0\u00a0\u00a0\u00a0\u00a0 A anula\u00e7\u00e3o do casamento n\u00e3o prejudica a nacionalidade adquirida nos termos deste artigo, desde que aquele que adquiriu a nacionalidade por casamento tenha contra\u00eddo este de boa f\u00e9.<\/p><p align=\"center\"><b>ARTIGO 9\u00ba &#8211; Aquisi\u00e7\u00e3o por naturalidade<\/b><\/p><p class=\"PargrafodaListaCxSpFirst\">1.\u00a0\u00a0\u00a0\u00a0\u00a0 O governo pode, por decreto e sob parecer do Ministro da Justi\u00e7a, conceder a nacionalidade guineense, mediante a naturaliza\u00e7\u00e3o, aos estrangeiros que satisfa\u00e7am cumulativamente as seguintes condi\u00e7\u00f5es:<\/p><p class=\"PargrafodaListaCxSpMiddle\">a)\u00a0\u00a0\u00a0\u00a0 Serem maiores ou havidos como tais, tanto pela lei guineense como pela do Pa\u00eds de origem;<\/p><p class=\"PargrafodaListaCxSpMiddle\">b)\u00a0\u00a0\u00a0\u00a0 Conhecerem minimamente a cultura guineense e se identificarem com ela;<\/p><p class=\"PargrafodaListaCxSpMiddle\">c)\u00a0\u00a0\u00a0\u00a0\u00a0 Residirem habitual e regularmente, h\u00e1 dez anos, pelo menos, em territ\u00f3rio nacional.<\/p><p class=\"PargrafodaListaCxSpMiddle\">2.\u00a0\u00a0\u00a0\u00a0\u00a0 Quando o considerar justo e oportuno, o Governo poder\u00e1 conceder a Nacionalidade Guineense, com dispensa da condi\u00e7\u00e3o a que se refere a al\u00ednea c) deste artigo a todos aqueles que, n\u00e3o sendo guineenses, tenham prestado servi\u00e7os relevantes ao povo guineense, quer durante quer ap\u00f3s a Luta de Liberta\u00e7\u00e3o Nacional.<\/p><p class=\"PargrafodaListaCxSpLast\">3.\u00a0\u00a0\u00a0\u00a0\u00a0 O Governo poder\u00e1 ainda conceder a nacionalidade guineense com a dispensa das condi\u00e7\u00f5es previstas nas al\u00edneas b) e c) deste artigo a todos aqueles que prestam ou s\u00e3o chamados a prestar servi\u00e7os, relevantes ao Estado guineense no processo nacional do desenvolvimento.<\/p><p align=\"center\"><b>CAP\u00cdTULO IV<\/b><\/p><p align=\"center\"><b>DA PERDA DA NACIONALIDADE<\/b><\/p><p align=\"center\"><b>ARTIGO 10\u00ba &#8211; Perda da nacionalidade<\/b><\/p><p class=\"PargrafodaListaCxSpFirst\">1.\u00a0\u00a0\u00a0\u00a0\u00a0 Perde nacionalidade guineense:<\/p><p class=\"PargrafodaListaCxSpMiddle\">a)\u00a0\u00a0\u00a0\u00a0 Aquele que adquira voluntariamente uma nacionalidade estrangeira, salvo se provar que a aquisi\u00e7\u00e3o se verificou por raz\u00f5es de migra\u00e7\u00e3o fundamentada por motivos essencialmente de ordem econ\u00f3mica,<\/p><p class=\"PargrafodaListaCxSpMiddle\">b)\u00a0\u00a0\u00a0\u00a0 Aquele que, sem autoriza\u00e7\u00e3o do Governo exerce fun\u00e7\u00f5es de soberania a favor do Estado estrangeiro;<\/p><p class=\"PargrafodaListaCxSpMiddle\">c)\u00a0\u00a0\u00a0\u00a0\u00a0 Aquele que exer\u00e7a outras fun\u00e7\u00f5es p\u00fablicas de car\u00e1cter pol\u00edtico a favor de Estado Estrangeiro sem autoriza\u00e7\u00e3o do Governo guineense se no prazo por este fixado essas fun\u00e7\u00f5es n\u00e3o forem abandonadas, salvo acordo ou conven\u00e7\u00e3o internacional;<\/p><p class=\"PargrafodaListaCxSpMiddle\">d)\u00a0\u00a0\u00a0\u00a0 Aquele que exer\u00e7a outras fun\u00e7\u00f5es p\u00fablicas de car\u00e1cter pol\u00edtico a favor de Estado estrangeiro sem autoriza\u00e7\u00e3o do Governo guineense se no prazo por este fixado essas fun\u00e7\u00f5es n\u00e3o forem abandonadas, salvo acordo ou conven\u00e7\u00e3o internacional;<\/p><p class=\"PargrafodaListaCxSpMiddle\">e)\u00a0\u00a0\u00a0\u00a0 Aquele a quem, sendo incapaz, tenha sido atribu\u00edda ou conhecida a nacionalidade guineense, por efeito de declara\u00e7\u00e3o ou requerimento do seu representante legal se declarar, quando capaz, que n\u00e3o quer ser guineense, e provar que tem outra nacionalidade;<\/p><p class=\"PargrafodaListaCxSpMiddle\">f)\u00a0\u00a0\u00a0\u00a0\u00a0\u00a0\u00a0 Os adoptados plenamente por cidad\u00e3os estrangeiros, se ao atingirem a maioridade, manifestarem a pretens\u00e3o de n\u00e3o serem guineenses.<\/p><p class=\"PargrafodaListaCxSpMiddle\">2.\u00a0\u00a0\u00a0\u00a0\u00a0 Compete ao governo decidir, ponderadas as circunst\u00e2ncias particulares de cada caso, sobre a perda ou manuten\u00e7\u00e3o da nacionalidade:<\/p><p class=\"PargrafodaListaCxSpMiddle\">a)\u00a0\u00a0\u00a0\u00a0 Se a aquisi\u00e7\u00e3o da nacionalidade estrangeira, f\u00f4r determinada por naturaliza\u00e7\u00e3o directa ou indirectamente imposta no respectivo Estado;<\/p><p class=\"PargrafodaListaCxSpMiddle\">Se os factos a que se refere as al\u00edneas b), c) e d) do n.\u00ba 1 deste artigo, forem conhecidos depois de haverem cessado o exerc\u00edcio das fun\u00e7\u00f5es ou a presta\u00e7\u00e3o de servi\u00e7o militar, ou se o Governo n\u00e3o chegar a designar prazo para o seu abandono.<\/p><p class=\"PargrafodaListaCxSpMiddle\">3.\u00a0\u00a0\u00a0\u00a0\u00a0 Determina, de igual modo, a perda da nacionalidade guineense:<\/p><p class=\"PargrafodaListaCxSpMiddle\">a)\u00a0\u00a0\u00a0\u00a0 O comportamento, de facto, como estrangeiro por parte de guineense tido por outro Estado como seu nacional;<\/p><p class=\"PargrafodaListaCxSpMiddle\">b)\u00a0\u00a0\u00a0\u00a0 A condena\u00e7\u00e3o definitiva de guineenses naturalizados, por crime doloso contra a seguran\u00e7a externa do Estado, ou que exer\u00e7am a favor de Estado Estrangeiro ou de seus agentes, actividades contr\u00e1rias aos interesses do Pa\u00eds;<\/p><p class=\"PargrafodaListaCxSpLast\">c)\u00a0\u00a0\u00a0\u00a0\u00a0 A obten\u00e7\u00e3o da nacionalidade por falsifica\u00e7\u00e3o ou qualquer outro meio ou induzido em erro as autoridades competentes.<\/p><p align=\"center\"><b>CAP\u00cdTULO V<\/b><\/p><p align=\"center\"><b>DA REAQUISI\u00c7\u00c3O DA NACIONALIDADE<\/b><\/p><p align=\"center\"><b>ARTIGO 11\u00ba &#8211; Reaquisi\u00e7\u00e3o da nacionalidade<\/b><\/p><p class=\"PargrafodaListaCxSpFirst\">1.\u00a0\u00a0\u00a0\u00a0\u00a0 Pode readquirir a nacionalidade guineense:<\/p><p class=\"PargrafodaListaCxSpMiddle\">a)\u00a0\u00a0\u00a0\u00a0 O que, depois de haver adquirido outra nacionalidade, estabelecer domic\u00edlio em territ\u00f3rio nacional e declarar que pretende readquirir a nacionalidade guineense;<\/p><p class=\"PargrafodaListaCxSpMiddle\">b)\u00a0\u00a0\u00a0\u00a0 O que, ap\u00f3s haver adquirido a nacionalidade estrangeira por virtude de casamento se, no caso deste ser dissolvido, anulado, estabelecer domic\u00edlio em territ\u00f3rio nacional e declarar que pretende readquirir a nacionalidade guineense;<\/p><p class=\"PargrafodaListaCxSpLast\">c)\u00a0\u00a0\u00a0\u00a0\u00a0 O que, havendo perdido a nacionalidade em consequ\u00eancia de declara\u00e7\u00e3o feita pelo seu representante legal, tiver domic\u00edlio em territ\u00f3rio nacional e declarar que pretende readquirir a nacionalidade guineense.<\/p><p align=\"center\"><b>CAP\u00cdTULO VI<\/b><\/p><p align=\"center\"><b>DA OPOSI\u00c7\u00c3O\u00a0\u00c0 AQUISI\u00c7\u00c3O OU REAQUISI\u00c7\u00c3O DA NACIONALIDADE<\/b><\/p><p align=\"center\"><b>ARTIGO 12\u00ba &#8211; Fundamentos<\/b><\/p><p>Constitui fundamento de oposi\u00e7\u00e3o ou reaquisi\u00e7\u00e3o da nacionalidade guineense:<\/p><p class=\"PargrafodaListaCxSpFirst\">a)\u00a0\u00a0\u00a0\u00a0 A manifesta inexist\u00eancia de qualquer v\u00ednculo com a comunidade nacional;<\/p><p class=\"PargrafodaListaCxSpMiddle\">b)\u00a0\u00a0\u00a0\u00a0 A condena\u00e7\u00e3o por crime pun\u00edvel com pena de pris\u00e3o maior superior a seis anos, nos termos da lei guineense;<\/p><p class=\"PargrafodaListaCxSpMiddle\">c)\u00a0\u00a0\u00a0\u00a0\u00a0 A condena\u00e7\u00e3o por crime contra a seguran\u00e7a externa do Estado guineense;<\/p><p class=\"PargrafodaListaCxSpMiddle\">d)\u00a0\u00a0\u00a0\u00a0 O exerc\u00edcio sem autoriza\u00e7\u00e3o do governo, de fun\u00e7\u00e3o da soberania ou de Fun\u00e7\u00e3o P\u00fablica de car\u00e1cter pol\u00edtico a favor de Estado estrangeiro;<\/p><p class=\"PargrafodaListaCxSpLast\">e)\u00a0\u00a0\u00a0\u00a0 A presta\u00e7\u00e3o de servi\u00e7o militar n\u00e3o obrigat\u00f3rio a favor de Estado estrangeiro.<\/p><p align=\"center\"><b>ARTIGO 13\u00ba &#8211; Legitimidade<\/b><\/p><p class=\"PargrafodaListaCxSpFirst\">1.\u00a0\u00a0\u00a0\u00a0\u00a0 A oposi\u00e7\u00e3o \u00e9 deduzida pelo Minist\u00e9rio P\u00fablico no prazo de um ano a contar da data da ocorr\u00eancia do facto de que depende a aquisi\u00e7\u00e3o ou reaquisi\u00e7\u00e3o da nacionalidade, em processo instaurado no Supremo Tribunal de Justi\u00e7a.<\/p><p class=\"PargrafodaListaCxSpLast\">2.\u00a0\u00a0\u00a0\u00a0\u00a0 \u00c9 obrigat\u00f3ria para todas as autoridades e facultativa para todos os cidad\u00e3os a participa\u00e7\u00e3o ao Minist\u00e9rio P\u00fablico dos factos a que se refere o n\u00famero anterior.<\/p><p align=\"center\"><b>CAP\u00cdTULO VII<\/b><\/p><p align=\"center\"><b>DO REGISTO E PROVA DA NACIONALIDADE<\/b><\/p><p align=\"center\"><b>ARTIGO 14\u00ba &#8211; Factos sujeitos a registo<\/b><\/p><p class=\"PargrafodaLista\">1.\u00a0\u00a0\u00a0\u00a0\u00a0\u00a0\u00a0\u00c9 obrigat\u00f3rio o registo na Conservat\u00f3ria dos Registos Centrais dos factos que determinam a atribui\u00e7\u00e3o, aquisi\u00e7\u00e3o e reaquisi\u00e7\u00e3o da nacionalidade guineense bem como da declara\u00e7\u00e3o da sua perda.<\/p>\t\t\t\t\t\t<\/div>\n\t\t\t\t<\/div>\n\t\t\t\t\t<\/div>\n\t\t<\/div>\n\t\t\t\t\t\t\t<\/div>\n\t\t<\/section>\n\t\t\t\t\t\t\t<\/div>\n\t\t","protected":false},"excerpt":{"rendered":"<p>Lei da Cidadania Regulamento da Nacionalidade Guineense Lei n.\u00ba 2\/92 De 6 de Abril (*) \u00a0 CAP\u00cdTULO I DISPOSI\u00c7\u00d5ES GERAIS ARTIGO 1\u00ba &#8211; Objecto A presente lei estabelece as condi\u00e7\u00f5es&#8230;<\/p>\n","protected":false},"author":1,"featured_media":0,"parent":0,"menu_order":0,"comment_status":"closed","ping_status":"closed","template":"","meta":{"om_disable_all_campaigns":false,"_mi_skip_tracking":false,"_monsterinsights_sitenote_active":false,"_monsterinsights_sitenote_note":"","_monsterinsights_sitenote_category":0,"_kad_post_transparent":"","_kad_post_title":"hide","_kad_post_layout":"fullwidth","_kad_post_sidebar_id":"","_kad_post_content_style":"unboxed","_kad_post_vertical_padding":"hide","_kad_post_feature":"hide","_kad_post_feature_position":"","_kad_post_header":false,"_kad_post_footer":false,"_kad_post_classname":"","footnotes":""},"aioseo_notices":[],"_links":{"self":[{"href":"https:\/\/anp.gw\/index.php\/wp-json\/wp\/v2\/pages\/2202"}],"collection":[{"href":"https:\/\/anp.gw\/index.php\/wp-json\/wp\/v2\/pages"}],"about":[{"href":"https:\/\/anp.gw\/index.php\/wp-json\/wp\/v2\/types\/page"}],"author":[{"embeddable":true,"href":"https:\/\/anp.gw\/index.php\/wp-json\/wp\/v2\/users\/1"}],"replies":[{"embeddable":true,"href":"https:\/\/anp.gw\/index.php\/wp-json\/wp\/v2\/comments?post=2202"}],"version-history":[{"count":4,"href":"https:\/\/anp.gw\/index.php\/wp-json\/wp\/v2\/pages\/2202\/revisions"}],"predecessor-version":[{"id":2212,"href":"https:\/\/anp.gw\/index.php\/wp-json\/wp\/v2\/pages\/2202\/revisions\/2212"}],"wp:attachment":[{"href":"https:\/\/anp.gw\/index.php\/wp-json\/wp\/v2\/media?parent=2202"}],"curies":[{"name":"wp","href":"https:\/\/api.w.org\/{rel}","templated":true}]}}